{"id":11,"date":"2023-04-19T23:20:25","date_gmt":"2023-04-19T21:20:25","guid":{"rendered":"https:\/\/bardzogrubysmok.pl\/wycieczki\/?page_id=11"},"modified":"2026-03-14T19:44:15","modified_gmt":"2026-03-14T18:44:15","slug":"kontakt","status":"publish","type":"page","link":"https:\/\/bardzogrubysmok.pl\/wycieczki\/kontakt\/","title":{"rendered":"Kontakt"},"content":{"rendered":"\n<p>Cze\u015b\u0107, jeste\u015bmy&nbsp;<a href=\"https:\/\/bardzogrubysmok.pl\/wycieczki\/bardzo-gruby-smok\/\" target=\"_blank\" rel=\"noreferrer noopener\">Bardzo Gruby Smo<\/a><a href=\"https:\/\/bardzogrubysmok.pl\/wycieczki\/rozowa-smoczyca\/\" target=\"_blank\" rel=\"noreferrer noopener\">k<\/a> i <a href=\"https:\/\/bardzogrubysmok.pl\/wycieczki\/rozowa-smoczyca\/\" target=\"_blank\" rel=\"noreferrer noopener\">R\u00f3\u017cowa Smoczyca,<\/a>&nbsp;a tak\u017ce Mon. Smocze wycieczki to propozycje wycieczek pieszych i rowerowych, a tak\u017ce zach\u0119ta do &#8222;wycieczek&#8221; w \u015bwiat ksi\u0105\u017cki. Zapraszamy te\u017c do kuchni po <a href=\"https:\/\/www.bardzogrubysmok.pl\/\" target=\"_blank\" rel=\"noreferrer noopener\">smocze przepisy<\/a>. <\/p>\n\n\n\n<p>Nie biegamy, nie \u015bcigamy si\u0119, nie jeste\u015bmy zawodowcami. Lubimy mi\u0142o sp\u0119dza\u0107 wolny czas, odkrywa\u0107 nowe miejsca i szlaki &#8211; praktykujemy turystyk\u0119 rowerow\u0105 i piesz\u0105. Opisujemy pokonane przez nas trasy, kt\u00f3re dla jednym mog\u0105 wyda\u0107 si\u0119 za \u0142atwe, a dla innych za trudne, ale z pewno\u015bci\u0105 ka\u017cdy znajdzie w\u015br\u00f3d nich inspiracje na w\u0142asne smocze wycieczki.<\/p>\n\n\n\n<p>Zapraszamy do dzielenia si\u0119 uwagami w komentarzach. Wszelkie pytania, sugestie i oferty wsp\u00f3\u0142pracy zg\u0142asza\u0107 mo\u017cna te\u017c na&nbsp;<a href=\"mailto:bardzogrubysmok@gmail.com\">maila:&nbsp;<\/a>bardzogrubysmok@gmail.com. <\/p>\n\n\n\n<figure class=\"wp-block-gallery has-nested-images columns-default is-cropped wp-block-gallery-1 is-layout-flex wp-block-gallery-is-layout-flex\">\n<figure class=\"wp-block-image size-large\"><a href=\"https:\/\/bardzogrubysmok.pl\/wycieczki\/wp-content\/uploads\/2023\/05\/Charzykowy.jpg\"><img decoding=\"async\" src=\"https:\/\/bardzogrubysmok.pl\/wycieczki\/wp-content\/uploads\/2023\/05\/Charzykowy.jpg\" alt=\"\"\/><\/a><\/figure>\n\n\n\n<figure class=\"wp-block-image size-large\"><a href=\"https:\/\/bardzogrubysmok.pl\/wycieczki\/wp-content\/uploads\/2023\/05\/Soszow-Wielki.jpg\"><img decoding=\"async\" src=\"https:\/\/bardzogrubysmok.pl\/wycieczki\/wp-content\/uploads\/2023\/05\/Soszow-Wielki.jpg\" alt=\"Sosz\u00f3w Wielki\"\/><\/a><figcaption class=\"wp-element-caption\">Sosz\u00f3w Wielki<\/figcaption><\/figure>\n<\/figure>\n\n\n\n<p>\u00a0Nasze trasy rowerowe: <a href=\"https:\/\/bardzogrubysmok.pl\/wycieczki\/rower\/\">mapa<\/a><\/p>\n\n\n\n<p>\u00a0Nasze trasy w\u0119dr\u00f3wek g\u00f3rskich: <a href=\"https:\/\/bardzogrubysmok.pl\/wycieczki\/gory\/\">mapa<\/a><\/p>\n","protected":false},"excerpt":{"rendered":"<p>Cze\u015b\u0107, jeste\u015bmy&nbsp;Bardzo Gruby Smok i R\u00f3\u017cowa Smoczyca,&nbsp;a tak\u017ce Mon. Smocze wycieczki to propozycje wycieczek pieszych i rowerowych, a tak\u017ce zach\u0119ta do &#8222;wycieczek&#8221; w \u015bwiat ksi\u0105\u017cki. Zapraszamy te\u017c do kuchni po smocze przepisy. Nie biegamy, nie \u015bcigamy si\u0119, nie jeste\u015bmy zawodowcami. Lubimy mi\u0142o sp\u0119dza\u0107 wolny czas, odkrywa\u0107 nowe miejsca i szlaki &#8211; praktykujemy turystyk\u0119 rowerow\u0105 i&#8230;<\/p>\n","protected":false},"author":1,"featured_media":729,"parent":0,"menu_order":0,"comment_status":"open","ping_status":"closed","template":"","meta":{"footnotes":""},"class_list":["post-11","page","type-page","status-publish","has-post-thumbnail","hentry"],"yoast_head":"<!-- This site is optimized with the Yoast SEO plugin v27.3 - https:\/\/yoast.com\/product\/yoast-seo-wordpress\/ -->\n<title>Kontakt - Smocze wycieczki<\/title>\n<meta name=\"description\" content=\"Smocze wycieczki to propozycje wycieczek pieszych i rowerowych, a tak\u017ce zach\u0119t\u0119 do &quot;wycieczek&quot; w \u015bwiat ksi\u0105\u017cki. Zapraszamy te\u017c do kuchni po smocze przepisy.\" \/>\n<meta name=\"robots\" content=\"index, follow, max-snippet:-1, max-image-preview:large, max-video-preview:-1\" \/>\n<link rel=\"canonical\" href=\"https:\/\/bardzogrubysmok.pl\/wycieczki\/kontakt\/\" \/>\n<meta property=\"og:locale\" content=\"pl_PL\" \/>\n<meta property=\"og:type\" content=\"article\" \/>\n<meta property=\"og:title\" content=\"Kontakt - Smocze wycieczki\" \/>\n<meta property=\"og:description\" content=\"Smocze wycieczki to propozycje wycieczek pieszych i rowerowych, a tak\u017ce zach\u0119t\u0119 do &quot;wycieczek&quot; w \u015bwiat ksi\u0105\u017cki. Zapraszamy te\u017c do kuchni po smocze przepisy.\" \/>\n<meta property=\"og:url\" content=\"https:\/\/bardzogrubysmok.pl\/wycieczki\/kontakt\/\" \/>\n<meta property=\"og:site_name\" content=\"Smocze wycieczki\" \/>\n<meta property=\"article:modified_time\" content=\"2026-03-14T18:44:15+00:00\" \/>\n<meta property=\"og:image\" content=\"https:\/\/bardzogrubysmok.pl\/wycieczki\/wp-content\/uploads\/2023\/05\/Zloty-Potok.jpg\" \/>\n\t<meta property=\"og:image:width\" content=\"487\" \/>\n\t<meta property=\"og:image:height\" content=\"365\" \/>\n\t<meta property=\"og:image:type\" content=\"image\/jpeg\" \/>\n<meta name=\"twitter:card\" content=\"summary_large_image\" \/>\n<meta name=\"twitter:label1\" content=\"Szacowany czas czytania\" \/>\n\t<meta name=\"twitter:data1\" content=\"2 minuty\" \/>\n<script type=\"application\/ld+json\" class=\"yoast-schema-graph\">{\"@context\":\"https:\\\/\\\/schema.org\",\"@graph\":[{\"@type\":\"WebPage\",\"@id\":\"https:\\\/\\\/bardzogrubysmok.pl\\\/wycieczki\\\/kontakt\\\/\",\"url\":\"https:\\\/\\\/bardzogrubysmok.pl\\\/wycieczki\\\/kontakt\\\/\",\"name\":\"Kontakt - Smocze wycieczki\",\"isPartOf\":{\"@id\":\"https:\\\/\\\/bardzogrubysmok.pl\\\/wycieczki\\\/#website\"},\"primaryImageOfPage\":{\"@id\":\"https:\\\/\\\/bardzogrubysmok.pl\\\/wycieczki\\\/kontakt\\\/#primaryimage\"},\"image\":{\"@id\":\"https:\\\/\\\/bardzogrubysmok.pl\\\/wycieczki\\\/kontakt\\\/#primaryimage\"},\"thumbnailUrl\":\"https:\\\/\\\/bardzogrubysmok.pl\\\/wycieczki\\\/wp-content\\\/uploads\\\/2023\\\/05\\\/Zloty-Potok.jpg\",\"datePublished\":\"2023-04-19T21:20:25+00:00\",\"dateModified\":\"2026-03-14T18:44:15+00:00\",\"description\":\"Smocze wycieczki to propozycje wycieczek pieszych i rowerowych, a tak\u017ce zach\u0119t\u0119 do \\\"wycieczek\\\" w \u015bwiat ksi\u0105\u017cki. Zapraszamy te\u017c do kuchni po smocze przepisy.\",\"breadcrumb\":{\"@id\":\"https:\\\/\\\/bardzogrubysmok.pl\\\/wycieczki\\\/kontakt\\\/#breadcrumb\"},\"inLanguage\":\"pl-PL\",\"potentialAction\":[{\"@type\":\"ReadAction\",\"target\":[\"https:\\\/\\\/bardzogrubysmok.pl\\\/wycieczki\\\/kontakt\\\/\"]}]},{\"@type\":\"ImageObject\",\"inLanguage\":\"pl-PL\",\"@id\":\"https:\\\/\\\/bardzogrubysmok.pl\\\/wycieczki\\\/kontakt\\\/#primaryimage\",\"url\":\"https:\\\/\\\/bardzogrubysmok.pl\\\/wycieczki\\\/wp-content\\\/uploads\\\/2023\\\/05\\\/Zloty-Potok.jpg\",\"contentUrl\":\"https:\\\/\\\/bardzogrubysmok.pl\\\/wycieczki\\\/wp-content\\\/uploads\\\/2023\\\/05\\\/Zloty-Potok.jpg\",\"width\":487,\"height\":365,\"caption\":\"Z\u0142oty Potok\"},{\"@type\":\"BreadcrumbList\",\"@id\":\"https:\\\/\\\/bardzogrubysmok.pl\\\/wycieczki\\\/kontakt\\\/#breadcrumb\",\"itemListElement\":[{\"@type\":\"ListItem\",\"position\":1,\"name\":\"Strona g\u0142\u00f3wna\",\"item\":\"https:\\\/\\\/bardzogrubysmok.pl\\\/wycieczki\\\/\"},{\"@type\":\"ListItem\",\"position\":2,\"name\":\"Kontakt\"}]},{\"@type\":\"WebSite\",\"@id\":\"https:\\\/\\\/bardzogrubysmok.pl\\\/wycieczki\\\/#website\",\"url\":\"https:\\\/\\\/bardzogrubysmok.pl\\\/wycieczki\\\/\",\"name\":\"Smocze wycieczki\",\"description\":\"\",\"publisher\":{\"@id\":\"https:\\\/\\\/bardzogrubysmok.pl\\\/wycieczki\\\/#\\\/schema\\\/person\\\/34c19df8fb03f397464a511ae78c4314\"},\"alternateName\":\"Smocze wycieczki\",\"potentialAction\":[{\"@type\":\"SearchAction\",\"target\":{\"@type\":\"EntryPoint\",\"urlTemplate\":\"https:\\\/\\\/bardzogrubysmok.pl\\\/wycieczki\\\/?s={search_term_string}\"},\"query-input\":{\"@type\":\"PropertyValueSpecification\",\"valueRequired\":true,\"valueName\":\"search_term_string\"}}],\"inLanguage\":\"pl-PL\"},{\"@type\":[\"Person\",\"Organization\"],\"@id\":\"https:\\\/\\\/bardzogrubysmok.pl\\\/wycieczki\\\/#\\\/schema\\\/person\\\/34c19df8fb03f397464a511ae78c4314\",\"name\":\"Bardzo Gruby Smok\",\"image\":{\"@type\":\"ImageObject\",\"inLanguage\":\"pl-PL\",\"@id\":\"https:\\\/\\\/bardzogrubysmok.pl\\\/wycieczki\\\/wp-content\\\/uploads\\\/2023\\\/04\\\/Logo-Bardzo-Gruby-Smok.png\",\"url\":\"https:\\\/\\\/bardzogrubysmok.pl\\\/wycieczki\\\/wp-content\\\/uploads\\\/2023\\\/04\\\/Logo-Bardzo-Gruby-Smok.png\",\"contentUrl\":\"https:\\\/\\\/bardzogrubysmok.pl\\\/wycieczki\\\/wp-content\\\/uploads\\\/2023\\\/04\\\/Logo-Bardzo-Gruby-Smok.png\",\"width\":400,\"height\":177,\"caption\":\"Bardzo Gruby Smok\"},\"logo\":{\"@id\":\"https:\\\/\\\/bardzogrubysmok.pl\\\/wycieczki\\\/wp-content\\\/uploads\\\/2023\\\/04\\\/Logo-Bardzo-Gruby-Smok.png\"},\"sameAs\":[\"https:\\\/\\\/bardzogrubysmok.pl\\\/wycieczki\"]}]}<\/script>\n<!-- \/ Yoast SEO plugin. -->","yoast_head_json":{"title":"Kontakt - Smocze wycieczki","description":"Smocze wycieczki to propozycje wycieczek pieszych i rowerowych, a tak\u017ce zach\u0119t\u0119 do \"wycieczek\" w \u015bwiat ksi\u0105\u017cki. Zapraszamy te\u017c do kuchni po smocze przepisy.","robots":{"index":"index","follow":"follow","max-snippet":"max-snippet:-1","max-image-preview":"max-image-preview:large","max-video-preview":"max-video-preview:-1"},"canonical":"https:\/\/bardzogrubysmok.pl\/wycieczki\/kontakt\/","og_locale":"pl_PL","og_type":"article","og_title":"Kontakt - Smocze wycieczki","og_description":"Smocze wycieczki to propozycje wycieczek pieszych i rowerowych, a tak\u017ce zach\u0119t\u0119 do \"wycieczek\" w \u015bwiat ksi\u0105\u017cki. Zapraszamy te\u017c do kuchni po smocze przepisy.","og_url":"https:\/\/bardzogrubysmok.pl\/wycieczki\/kontakt\/","og_site_name":"Smocze wycieczki","article_modified_time":"2026-03-14T18:44:15+00:00","og_image":[{"width":487,"height":365,"url":"https:\/\/bardzogrubysmok.pl\/wycieczki\/wp-content\/uploads\/2023\/05\/Zloty-Potok.jpg","type":"image\/jpeg"}],"twitter_card":"summary_large_image","twitter_misc":{"Szacowany czas czytania":"2 minuty"},"schema":{"@context":"https:\/\/schema.org","@graph":[{"@type":"WebPage","@id":"https:\/\/bardzogrubysmok.pl\/wycieczki\/kontakt\/","url":"https:\/\/bardzogrubysmok.pl\/wycieczki\/kontakt\/","name":"Kontakt - Smocze wycieczki","isPartOf":{"@id":"https:\/\/bardzogrubysmok.pl\/wycieczki\/#website"},"primaryImageOfPage":{"@id":"https:\/\/bardzogrubysmok.pl\/wycieczki\/kontakt\/#primaryimage"},"image":{"@id":"https:\/\/bardzogrubysmok.pl\/wycieczki\/kontakt\/#primaryimage"},"thumbnailUrl":"https:\/\/bardzogrubysmok.pl\/wycieczki\/wp-content\/uploads\/2023\/05\/Zloty-Potok.jpg","datePublished":"2023-04-19T21:20:25+00:00","dateModified":"2026-03-14T18:44:15+00:00","description":"Smocze wycieczki to propozycje wycieczek pieszych i rowerowych, a tak\u017ce zach\u0119t\u0119 do \"wycieczek\" w \u015bwiat ksi\u0105\u017cki. Zapraszamy te\u017c do kuchni po smocze przepisy.","breadcrumb":{"@id":"https:\/\/bardzogrubysmok.pl\/wycieczki\/kontakt\/#breadcrumb"},"inLanguage":"pl-PL","potentialAction":[{"@type":"ReadAction","target":["https:\/\/bardzogrubysmok.pl\/wycieczki\/kontakt\/"]}]},{"@type":"ImageObject","inLanguage":"pl-PL","@id":"https:\/\/bardzogrubysmok.pl\/wycieczki\/kontakt\/#primaryimage","url":"https:\/\/bardzogrubysmok.pl\/wycieczki\/wp-content\/uploads\/2023\/05\/Zloty-Potok.jpg","contentUrl":"https:\/\/bardzogrubysmok.pl\/wycieczki\/wp-content\/uploads\/2023\/05\/Zloty-Potok.jpg","width":487,"height":365,"caption":"Z\u0142oty Potok"},{"@type":"BreadcrumbList","@id":"https:\/\/bardzogrubysmok.pl\/wycieczki\/kontakt\/#breadcrumb","itemListElement":[{"@type":"ListItem","position":1,"name":"Strona g\u0142\u00f3wna","item":"https:\/\/bardzogrubysmok.pl\/wycieczki\/"},{"@type":"ListItem","position":2,"name":"Kontakt"}]},{"@type":"WebSite","@id":"https:\/\/bardzogrubysmok.pl\/wycieczki\/#website","url":"https:\/\/bardzogrubysmok.pl\/wycieczki\/","name":"Smocze wycieczki","description":"","publisher":{"@id":"https:\/\/bardzogrubysmok.pl\/wycieczki\/#\/schema\/person\/34c19df8fb03f397464a511ae78c4314"},"alternateName":"Smocze wycieczki","potentialAction":[{"@type":"SearchAction","target":{"@type":"EntryPoint","urlTemplate":"https:\/\/bardzogrubysmok.pl\/wycieczki\/?s={search_term_string}"},"query-input":{"@type":"PropertyValueSpecification","valueRequired":true,"valueName":"search_term_string"}}],"inLanguage":"pl-PL"},{"@type":["Person","Organization"],"@id":"https:\/\/bardzogrubysmok.pl\/wycieczki\/#\/schema\/person\/34c19df8fb03f397464a511ae78c4314","name":"Bardzo Gruby Smok","image":{"@type":"ImageObject","inLanguage":"pl-PL","@id":"https:\/\/bardzogrubysmok.pl\/wycieczki\/wp-content\/uploads\/2023\/04\/Logo-Bardzo-Gruby-Smok.png","url":"https:\/\/bardzogrubysmok.pl\/wycieczki\/wp-content\/uploads\/2023\/04\/Logo-Bardzo-Gruby-Smok.png","contentUrl":"https:\/\/bardzogrubysmok.pl\/wycieczki\/wp-content\/uploads\/2023\/04\/Logo-Bardzo-Gruby-Smok.png","width":400,"height":177,"caption":"Bardzo Gruby Smok"},"logo":{"@id":"https:\/\/bardzogrubysmok.pl\/wycieczki\/wp-content\/uploads\/2023\/04\/Logo-Bardzo-Gruby-Smok.png"},"sameAs":["https:\/\/bardzogrubysmok.pl\/wycieczki"]}]}},"_links":{"self":[{"href":"https:\/\/bardzogrubysmok.pl\/wycieczki\/wp-json\/wp\/v2\/pages\/11","targetHints":{"allow":["GET"]}}],"collection":[{"href":"https:\/\/bardzogrubysmok.pl\/wycieczki\/wp-json\/wp\/v2\/pages"}],"about":[{"href":"https:\/\/bardzogrubysmok.pl\/wycieczki\/wp-json\/wp\/v2\/types\/page"}],"author":[{"embeddable":true,"href":"https:\/\/bardzogrubysmok.pl\/wycieczki\/wp-json\/wp\/v2\/users\/1"}],"replies":[{"embeddable":true,"href":"https:\/\/bardzogrubysmok.pl\/wycieczki\/wp-json\/wp\/v2\/comments?post=11"}],"version-history":[{"count":150,"href":"https:\/\/bardzogrubysmok.pl\/wycieczki\/wp-json\/wp\/v2\/pages\/11\/revisions"}],"predecessor-version":[{"id":12368,"href":"https:\/\/bardzogrubysmok.pl\/wycieczki\/wp-json\/wp\/v2\/pages\/11\/revisions\/12368"}],"wp:featuredmedia":[{"embeddable":true,"href":"https:\/\/bardzogrubysmok.pl\/wycieczki\/wp-json\/wp\/v2\/media\/729"}],"wp:attachment":[{"href":"https:\/\/bardzogrubysmok.pl\/wycieczki\/wp-json\/wp\/v2\/media?parent=11"}],"curies":[{"name":"wp","href":"https:\/\/api.w.org\/{rel}","templated":true}]}}